{"id":226,"date":"2025-12-16T13:09:39","date_gmt":"2025-12-16T13:09:39","guid":{"rendered":"https:\/\/hetfoort.nl\/wordpress\/?page_id=226"},"modified":"2025-12-30T07:22:13","modified_gmt":"2025-12-30T07:22:13","slug":"dietistenpraktijk-barneveld","status":"publish","type":"page","link":"https:\/\/hetfoort.nl\/?page_id=226","title":{"rendered":"Di\u00ebtistenpraktijk Barneveld"},"content":{"rendered":"\t\t<div data-elementor-type=\"wp-page\" data-elementor-id=\"226\" class=\"elementor elementor-226\" data-elementor-post-type=\"page\">\n\t\t\t\t<div class=\"elementor-element elementor-element-311968e e-con-full e-flex e-con e-parent\" data-id=\"311968e\" data-element_type=\"container\">\n\t\t<div class=\"elementor-element elementor-element-4a7dea4 e-con-full e-flex e-con e-child\" data-id=\"4a7dea4\" data-element_type=\"container\" data-settings=\"{&quot;background_background&quot;:&quot;classic&quot;}\">\n\t\t\t\t<div class=\"elementor-element elementor-element-8c6df51 elementor-widget elementor-widget-heading\" data-id=\"8c6df51\" data-element_type=\"widget\" data-widget_type=\"heading.default\">\n\t\t\t\t\t<h2 class=\"elementor-heading-title elementor-size-default\">Di\u00ebtistenpraktijk Barneveld\n\n\n\n<\/h2>\t\t\t\t<\/div>\n\t\t\t\t<\/div>\n\t\t<div class=\"elementor-element elementor-element-67acb87 e-con-full e-flex e-con e-child\" data-id=\"67acb87\" data-element_type=\"container\" data-settings=\"{&quot;background_background&quot;:&quot;classic&quot;}\">\n\t\t\t\t<\/div>\n\t\t\t\t<\/div>\n\t\t<div class=\"elementor-element elementor-element-ed77b00 e-flex e-con-boxed e-con e-parent\" data-id=\"ed77b00\" data-element_type=\"container\">\n\t\t\t\t\t<div class=\"e-con-inner\">\n\t\t<div class=\"elementor-element elementor-element-fbfb277 e-con-full e-flex e-con e-child\" data-id=\"fbfb277\" data-element_type=\"container\">\n\t\t\t\t<div class=\"elementor-element elementor-element-12a0d29 elementor-widget elementor-widget-heading\" data-id=\"12a0d29\" data-element_type=\"widget\" data-widget_type=\"heading.default\">\n\t\t\t\t\t<h2 class=\"elementor-heading-title elementor-size-default\">Wat we doen <\/h2>\t\t\t\t<\/div>\n\t\t\t\t<div class=\"elementor-element elementor-element-57ab272 elementor-widget__width-initial elementor-widget elementor-widget-text-editor\" data-id=\"57ab272\" data-element_type=\"widget\" data-widget_type=\"text-editor.default\">\n\t\t\t\t\t\t\t\t\t<p>De di\u00ebtist is een specialist op het gebied van voeding bij gezondheid en ziekte. Ook is de di\u00ebtist een coach die u kan helpen bij het omgaan met (sport) voeding en het volgen van een dieet. Bij ziekte waarbij aangepaste voeding ( bijv. drink- of sondevoeding) nodig is, kan de di\u00ebtist u deskundig begeleiden en adviseren. We kennen de dagelijkse realiteit en weten hoe moeilijk het soms is om op een goede manier met voeding of dieet om te gaan. We helpen u om uw dieet of voeding goed in te passen in uw dagelijks leven. De nieuwe voedingsgewoonten moeten een manier van leven worden waar u zich plezierig bij voelt.<\/p><p>Bij de eerste afspraak gaan we samen met u na wat de vraag of het probleem is. Hierbij wordt eventueel ook de informatie van uw huisarts betrokken. Daarna worden zaken zoals eetgedrag, de inkoop en de tijd voor koken, de organisatie rondom het eten, de valkuilen en de balans tussen eten en bewegen bekeken. Als dit op een rijtje staat bespreken we samen de beste behandelmethode en krijgt u een persoonlijk advies mee waarbij rekening gehouden wordt met de eigen wensen. Zo\u2019n eerste afspraak duurt ongeveer een uur. Tijdens de vervolg afspraken wordt gekeken hoe u omgaat met uw voeding en dieet en bespreken we de problemen die zich voordoen.<\/p><p>U kunt bij ons terecht voor verschillende dieet adviezen. Te denken valt aan advies bij diabetes mellitus II, longziekten, hart- en vaatziekten, overgewicht (kinderen en volwassenen), prikkelbare darm (fodmap arm dieet), ondergewicht en allergie\u00ebn.<\/p><p>U kunt door uw huisarts of uw specialist verwezen worden maar u kunt ook zonder verwijzing een afspraak maken. Is het fysiek niet mogelijk naar de praktijk te komen dan is een huisbezoek ook mogelijk.<\/p>\t\t\t\t\t\t\t\t<\/div>\n\t\t\t\t<\/div>\n\t\t<div class=\"elementor-element elementor-element-98c0606 e-con-full e-flex e-con e-child\" data-id=\"98c0606\" data-element_type=\"container\">\n\t\t<div class=\"elementor-element elementor-element-d427ab4 e-con-full e-flex e-con e-child\" data-id=\"d427ab4\" data-element_type=\"container\" data-settings=\"{&quot;background_background&quot;:&quot;classic&quot;}\">\n\t\t\t\t<div class=\"elementor-element elementor-element-377311b elementor-view-default elementor-widget elementor-widget-icon\" data-id=\"377311b\" data-element_type=\"widget\" data-widget_type=\"icon.default\">\n\t\t\t\t\t\t\t<div class=\"elementor-icon-wrapper\">\n\t\t\t<div class=\"elementor-icon\">\n\t\t\t<svg aria-hidden=\"true\" class=\"e-font-icon-svg e-fas-phone-alt\" viewBox=\"0 0 512 512\" xmlns=\"http:\/\/www.w3.org\/2000\/svg\"><path d=\"M497.39 361.8l-112-48a24 24 0 0 0-28 6.9l-49.6 60.6A370.66 370.66 0 0 1 130.6 204.11l60.6-49.6a23.94 23.94 0 0 0 6.9-28l-48-112A24.16 24.16 0 0 0 122.6.61l-104 24A24 24 0 0 0 0 48c0 256.5 207.9 464 464 464a24 24 0 0 0 23.4-18.6l24-104a24.29 24.29 0 0 0-14.01-27.6z\"><\/path><\/svg>\t\t\t<\/div>\n\t\t<\/div>\n\t\t\t\t\t\t<\/div>\n\t\t\t\t<div class=\"elementor-element elementor-element-091ae6c elementor-widget__width-initial elementor-widget elementor-widget-text-editor\" data-id=\"091ae6c\" data-element_type=\"widget\" data-widget_type=\"text-editor.default\">\n\t\t\t\t\t\t\t\t\t<h4><a href=\"tel:+31332771250\">033 \u2013 277 12 50<\/a><\/h4>\t\t\t\t\t\t\t\t<\/div>\n\t\t\t\t<div class=\"elementor-element elementor-element-f04efbf elementor-view-default elementor-widget elementor-widget-icon\" data-id=\"f04efbf\" data-element_type=\"widget\" data-widget_type=\"icon.default\">\n\t\t\t\t\t\t\t<div class=\"elementor-icon-wrapper\">\n\t\t\t<div class=\"elementor-icon\">\n\t\t\t<svg aria-hidden=\"true\" class=\"e-font-icon-svg e-fas-envelope-open\" viewBox=\"0 0 512 512\" xmlns=\"http:\/\/www.w3.org\/2000\/svg\"><path d=\"M512 464c0 26.51-21.49 48-48 48H48c-26.51 0-48-21.49-48-48V200.724a48 48 0 0 1 18.387-37.776c24.913-19.529 45.501-35.365 164.2-121.511C199.412 29.17 232.797-.347 256 .003c23.198-.354 56.596 29.172 73.413 41.433 118.687 86.137 139.303 101.995 164.2 121.512A48 48 0 0 1 512 200.724V464zm-65.666-196.605c-2.563-3.728-7.7-4.595-11.339-1.907-22.845 16.873-55.462 40.705-105.582 77.079-16.825 12.266-50.21 41.781-73.413 41.43-23.211.344-56.559-29.143-73.413-41.43-50.114-36.37-82.734-60.204-105.582-77.079-3.639-2.688-8.776-1.821-11.339 1.907l-9.072 13.196a7.998 7.998 0 0 0 1.839 10.967c22.887 16.899 55.454 40.69 105.303 76.868 20.274 14.781 56.524 47.813 92.264 47.573 35.724.242 71.961-32.771 92.263-47.573 49.85-36.179 82.418-59.97 105.303-76.868a7.998 7.998 0 0 0 1.839-10.967l-9.071-13.196z\"><\/path><\/svg>\t\t\t<\/div>\n\t\t<\/div>\n\t\t\t\t\t\t<\/div>\n\t\t\t\t<div class=\"elementor-element elementor-element-a2fdcea elementor-widget__width-initial elementor-widget elementor-widget-text-editor\" data-id=\"a2fdcea\" data-element_type=\"widget\" data-widget_type=\"text-editor.default\">\n\t\t\t\t\t\t\t\t\t<h4><a href=\"mailto:boon@dietistenpraktijkbarneveld.nl\">boon@dietistenpraktijkbarneveld.nl<\/a><\/h4>\t\t\t\t\t\t\t\t<\/div>\n\t\t\t\t<div class=\"elementor-element elementor-element-b33aab7 elementor-view-default elementor-widget elementor-widget-icon\" data-id=\"b33aab7\" data-element_type=\"widget\" data-widget_type=\"icon.default\">\n\t\t\t\t\t\t\t<div class=\"elementor-icon-wrapper\">\n\t\t\t<div class=\"elementor-icon\">\n\t\t\t<svg aria-hidden=\"true\" class=\"e-font-icon-svg e-fas-link\" viewBox=\"0 0 512 512\" xmlns=\"http:\/\/www.w3.org\/2000\/svg\"><path d=\"M326.612 185.391c59.747 59.809 58.927 155.698.36 214.59-.11.12-.24.25-.36.37l-67.2 67.2c-59.27 59.27-155.699 59.262-214.96 0-59.27-59.26-59.27-155.7 0-214.96l37.106-37.106c9.84-9.84 26.786-3.3 27.294 10.606.648 17.722 3.826 35.527 9.69 52.721 1.986 5.822.567 12.262-3.783 16.612l-13.087 13.087c-28.026 28.026-28.905 73.66-1.155 101.96 28.024 28.579 74.086 28.749 102.325.51l67.2-67.19c28.191-28.191 28.073-73.757 0-101.83-3.701-3.694-7.429-6.564-10.341-8.569a16.037 16.037 0 0 1-6.947-12.606c-.396-10.567 3.348-21.456 11.698-29.806l21.054-21.055c5.521-5.521 14.182-6.199 20.584-1.731a152.482 152.482 0 0 1 20.522 17.197zM467.547 44.449c-59.261-59.262-155.69-59.27-214.96 0l-67.2 67.2c-.12.12-.25.25-.36.37-58.566 58.892-59.387 154.781.36 214.59a152.454 152.454 0 0 0 20.521 17.196c6.402 4.468 15.064 3.789 20.584-1.731l21.054-21.055c8.35-8.35 12.094-19.239 11.698-29.806a16.037 16.037 0 0 0-6.947-12.606c-2.912-2.005-6.64-4.875-10.341-8.569-28.073-28.073-28.191-73.639 0-101.83l67.2-67.19c28.239-28.239 74.3-28.069 102.325.51 27.75 28.3 26.872 73.934-1.155 101.96l-13.087 13.087c-4.35 4.35-5.769 10.79-3.783 16.612 5.864 17.194 9.042 34.999 9.69 52.721.509 13.906 17.454 20.446 27.294 10.606l37.106-37.106c59.271-59.259 59.271-155.699.001-214.959z\"><\/path><\/svg>\t\t\t<\/div>\n\t\t<\/div>\n\t\t\t\t\t\t<\/div>\n\t\t\t\t<div class=\"elementor-element elementor-element-590b975 elementor-widget__width-initial elementor-widget elementor-widget-text-editor\" data-id=\"590b975\" data-element_type=\"widget\" data-widget_type=\"text-editor.default\">\n\t\t\t\t\t\t\t\t\t<h4><a href=\"http:\/\/www.dietistenpraktijkbarneveld.nl\">www.dietistenpraktijkbarneveld.nl<\/a><\/h4>\t\t\t\t\t\t\t\t<\/div>\n\t\t\t\t<div class=\"elementor-element elementor-element-e8b899d elementor-view-default elementor-widget elementor-widget-icon\" data-id=\"e8b899d\" data-element_type=\"widget\" data-widget_type=\"icon.default\">\n\t\t\t\t\t\t\t<div class=\"elementor-icon-wrapper\">\n\t\t\t<div class=\"elementor-icon\">\n\t\t\t<svg aria-hidden=\"true\" class=\"e-font-icon-svg e-fas-clock\" viewBox=\"0 0 512 512\" xmlns=\"http:\/\/www.w3.org\/2000\/svg\"><path d=\"M256,8C119,8,8,119,8,256S119,504,256,504,504,393,504,256,393,8,256,8Zm92.49,313h0l-20,25a16,16,0,0,1-22.49,2.5h0l-67-49.72a40,40,0,0,1-15-31.23V112a16,16,0,0,1,16-16h32a16,16,0,0,1,16,16V256l58,42.5A16,16,0,0,1,348.49,321Z\"><\/path><\/svg>\t\t\t<\/div>\n\t\t<\/div>\n\t\t\t\t\t\t<\/div>\n\t\t\t\t<div class=\"elementor-element elementor-element-046a518 elementor-widget__width-initial elementor-widget elementor-widget-text-editor\" data-id=\"046a518\" data-element_type=\"widget\" data-widget_type=\"text-editor.default\">\n\t\t\t\t\t\t\t\t\t<p>Elke maandag en vrijdag <br \/>is er spreekuur in het Foort in Scherpenzeel.<\/p>\t\t\t\t\t\t\t\t<\/div>\n\t\t\t\t<\/div>\n\t\t\t\t<\/div>\n\t\t\t\t\t<\/div>\n\t\t\t\t<\/div>\n\t\t\t\t<\/div>\n\t\t","protected":false},"excerpt":{"rendered":"<p>Di\u00ebtistenpraktijk Barneveld Wat we doen De di\u00ebtist is een specialist op het gebied van voeding bij gezondheid en ziekte. Ook is de di\u00ebtist een coach die u kan helpen bij het omgaan met (sport) voeding en het volgen van een dieet. Bij ziekte waarbij aangepaste voeding ( bijv. drink- of sondevoeding) nodig is, kan de [&hellip;]<\/p>\n","protected":false},"author":1,"featured_media":0,"parent":0,"menu_order":0,"comment_status":"closed","ping_status":"closed","template":"","meta":{"footnotes":""},"class_list":["post-226","page","type-page","status-publish","hentry"],"_links":{"self":[{"href":"https:\/\/hetfoort.nl\/index.php?rest_route=\/wp\/v2\/pages\/226","targetHints":{"allow":["GET"]}}],"collection":[{"href":"https:\/\/hetfoort.nl\/index.php?rest_route=\/wp\/v2\/pages"}],"about":[{"href":"https:\/\/hetfoort.nl\/index.php?rest_route=\/wp\/v2\/types\/page"}],"author":[{"embeddable":true,"href":"https:\/\/hetfoort.nl\/index.php?rest_route=\/wp\/v2\/users\/1"}],"replies":[{"embeddable":true,"href":"https:\/\/hetfoort.nl\/index.php?rest_route=%2Fwp%2Fv2%2Fcomments&post=226"}],"version-history":[{"count":15,"href":"https:\/\/hetfoort.nl\/index.php?rest_route=\/wp\/v2\/pages\/226\/revisions"}],"predecessor-version":[{"id":508,"href":"https:\/\/hetfoort.nl\/index.php?rest_route=\/wp\/v2\/pages\/226\/revisions\/508"}],"wp:attachment":[{"href":"https:\/\/hetfoort.nl\/index.php?rest_route=%2Fwp%2Fv2%2Fmedia&parent=226"}],"curies":[{"name":"wp","href":"https:\/\/api.w.org\/{rel}","templated":true}]}}